{"id":12898,"date":"2026-03-04T23:00:49","date_gmt":"2026-03-04T22:00:49","guid":{"rendered":"https:\/\/alca.al\/partneret\/"},"modified":"2026-04-03T15:30:18","modified_gmt":"2026-04-03T14:30:18","slug":"partneret","status":"publish","type":"page","link":"https:\/\/alca.al\/sq\/partneret\/","title":{"rendered":"Partner\u00ebt"},"content":{"rendered":"\t\t<div data-elementor-type=\"wp-page\" data-elementor-id=\"12898\" class=\"elementor elementor-12898 elementor-11538\">\n\t\t\t\t<div class=\"elementor-element elementor-element-7fea714 e-flex e-con-boxed e-con e-parent\" data-id=\"7fea714\" data-element_type=\"container\" data-e-type=\"container\">\n\t\t\t\t\t<div class=\"e-con-inner\">\n\t\t\t\t<div class=\"elementor-element elementor-element-a380b65 elementor-widget__width-initial animated-fast elementor-invisible elementor-widget elementor-widget-heading\" data-id=\"a380b65\" data-element_type=\"widget\" data-e-type=\"widget\" data-settings=\"{&quot;_animation&quot;:&quot;opal-move-up&quot;}\" data-widget_type=\"heading.default\">\n\t\t\t\t\t<h6 class=\"elementor-heading-title elementor-size-default\">Bashk\u00ebpunojm\u00eb me arkitekt\u00eb lider\u00eb dhe furnitor\u00eb t\u00eb besuar, t\u00eb cil\u00ebt ndajn\u00eb me ne t\u00eb nj\u00ebjtin p\u00ebrkushtim ndaj cil\u00ebsis\u00eb, inovacionit dhe sakt\u00ebsis\u00eb n\u00eb realizimin e fasadave.<\/h6>\t\t\t\t<\/div>\n\t\t\t\t\t<\/div>\n\t\t\t\t<\/div>\n\t\t<div class=\"elementor-element elementor-element-37c9b7a e-flex e-con-boxed e-con e-parent\" data-id=\"37c9b7a\" data-element_type=\"container\" data-e-type=\"container\">\n\t\t\t\t\t<div class=\"e-con-inner\">\n\t\t\t\t<div class=\"elementor-element elementor-element-d1e50e8 animated-fast elementor-invisible elementor-widget elementor-widget-heading\" data-id=\"d1e50e8\" data-element_type=\"widget\" data-e-type=\"widget\" data-settings=\"{&quot;_animation&quot;:&quot;opal-move-left&quot;}\" data-widget_type=\"heading.default\">\n\t\t\t\t\t<h2 class=\"elementor-heading-title elementor-size-default\">Furnitor\u00eb<\/h2>\t\t\t\t<\/div>\n\t\t\t\t\t<\/div>\n\t\t\t\t<\/div>\n\t\t<div class=\"elementor-element elementor-element-fc6d07f e-flex e-con-boxed e-con e-parent\" data-id=\"fc6d07f\" data-element_type=\"container\" data-e-type=\"container\">\n\t\t\t\t\t<div class=\"e-con-inner\">\n\t\t<div class=\"elementor-element elementor-element-172ef53 e-con-full e-flex e-con e-child\" data-id=\"172ef53\" data-element_type=\"container\" data-e-type=\"container\">\n\t\t\t\t<div class=\"elementor-element elementor-element-e057230 animated-fast elementor-invisible elementor-widget elementor-widget-image\" data-id=\"e057230\" data-element_type=\"widget\" data-e-type=\"widget\" data-settings=\"{&quot;_animation&quot;:&quot;fadeIn&quot;,&quot;_animation_delay&quot;:500}\" data-widget_type=\"image.default\">\n\t\t\t\t\t\t\t\t\t\t\t\t\t\t\t\t<a href=\"https:\/\/www.metrabuilding.com\/en\/contractors\/\" target=\"_blank\">\n\t\t\t\t\t\t\t<img decoding=\"async\" width=\"98\" height=\"35\" src=\"https:\/\/alca.al\/wp-content\/uploads\/2026\/03\/Asset-1-1.svg\" class=\"attachment-full size-full wp-image-12887\" alt=\"\" \/>\t\t\t\t\t\t\t\t<\/a>\n\t\t\t\t\t\t\t\t\t\t\t\t\t\t\t<\/div>\n\t\t\t\t<\/div>\n\t\t<div class=\"elementor-element elementor-element-780d4ac e-con-full e-flex e-con e-child\" data-id=\"780d4ac\" data-element_type=\"container\" data-e-type=\"container\">\n\t\t\t\t<div class=\"elementor-element elementor-element-55c97ac animated-fast elementor-invisible elementor-widget elementor-widget-image\" data-id=\"55c97ac\" data-element_type=\"widget\" data-e-type=\"widget\" data-settings=\"{&quot;_animation&quot;:&quot;fadeIn&quot;,&quot;_animation_delay&quot;:200}\" data-widget_type=\"image.default\">\n\t\t\t\t\t\t\t\t\t\t\t\t\t\t\t\t<a href=\"https:\/\/vetrodomus.it\/en\/home-english\/\" target=\"_blank\">\n\t\t\t\t\t\t\t<img decoding=\"async\" width=\"128\" height=\"20\" src=\"https:\/\/alca.al\/wp-content\/uploads\/2026\/03\/Asset-10.svg\" class=\"attachment-full size-full wp-image-12888\" alt=\"\" \/>\t\t\t\t\t\t\t\t<\/a>\n\t\t\t\t\t\t\t\t\t\t\t\t\t\t\t<\/div>\n\t\t\t\t<\/div>\n\t\t<div class=\"elementor-element elementor-element-2236fe7 e-con-full e-flex e-con e-child\" data-id=\"2236fe7\" data-element_type=\"container\" data-e-type=\"container\">\n\t\t\t\t<div class=\"elementor-element elementor-element-2e25dc3 animated-fast elementor-invisible elementor-widget elementor-widget-image\" data-id=\"2e25dc3\" data-element_type=\"widget\" data-e-type=\"widget\" data-settings=\"{&quot;_animation&quot;:&quot;fadeIn&quot;,&quot;_animation_delay&quot;:400}\" data-widget_type=\"image.default\">\n\t\t\t\t\t\t\t\t\t\t\t\t\t\t\t\t<a href=\"https:\/\/www.unionglass.it\" target=\"_blank\">\n\t\t\t\t\t\t\t<img decoding=\"async\" width=\"119\" height=\"32\" src=\"https:\/\/alca.al\/wp-content\/uploads\/2026\/03\/Asset-2-1.svg\" class=\"attachment-full size-full wp-image-12889\" alt=\"\" \/>\t\t\t\t\t\t\t\t<\/a>\n\t\t\t\t\t\t\t\t\t\t\t\t\t\t\t<\/div>\n\t\t\t\t<\/div>\n\t\t<div class=\"elementor-element elementor-element-19ab1b3 e-con-full e-flex e-con e-child\" data-id=\"19ab1b3\" data-element_type=\"container\" data-e-type=\"container\">\n\t\t\t\t<div class=\"elementor-element elementor-element-01f2d98 animated-fast elementor-invisible elementor-widget elementor-widget-image\" data-id=\"01f2d98\" data-element_type=\"widget\" data-e-type=\"widget\" data-settings=\"{&quot;_animation&quot;:&quot;fadeIn&quot;,&quot;_animation_delay&quot;:500}\" data-widget_type=\"image.default\">\n\t\t\t\t\t\t\t\t\t\t\t\t\t\t\t\t<a href=\"https:\/\/www.alucoil.com\" target=\"_blank\">\n\t\t\t\t\t\t\t<img loading=\"lazy\" decoding=\"async\" width=\"80\" height=\"37\" src=\"https:\/\/alca.al\/wp-content\/uploads\/2026\/03\/Asset-7.svg\" class=\"attachment-full size-full wp-image-12890\" alt=\"\" \/>\t\t\t\t\t\t\t\t<\/a>\n\t\t\t\t\t\t\t\t\t\t\t\t\t\t\t<\/div>\n\t\t\t\t<\/div>\n\t\t<div class=\"elementor-element elementor-element-bff5ba4 e-con-full e-flex e-con e-child\" data-id=\"bff5ba4\" data-element_type=\"container\" data-e-type=\"container\">\n\t\t\t\t<div class=\"elementor-element elementor-element-2430e2c animated-fast elementor-invisible elementor-widget elementor-widget-image\" data-id=\"2430e2c\" data-element_type=\"widget\" data-e-type=\"widget\" data-settings=\"{&quot;_animation&quot;:&quot;fadeIn&quot;,&quot;_animation_delay&quot;:600}\" data-widget_type=\"image.default\">\n\t\t\t\t\t\t\t\t\t\t\t\t\t\t\t\t<a href=\"https:\/\/www.gammastone.com\" target=\"_blank\">\n\t\t\t\t\t\t\t<img loading=\"lazy\" decoding=\"async\" width=\"200\" height=\"200\" src=\"https:\/\/alca.al\/wp-content\/uploads\/2026\/03\/gammastonesrl_logo.jpg\" class=\"attachment-full size-full wp-image-12891\" alt=\"\" \/>\t\t\t\t\t\t\t\t<\/a>\n\t\t\t\t\t\t\t\t\t\t\t\t\t\t\t<\/div>\n\t\t\t\t<\/div>\n\t\t<div class=\"elementor-element elementor-element-88a9cf1 e-con-full e-flex e-con e-child\" data-id=\"88a9cf1\" data-element_type=\"container\" data-e-type=\"container\">\n\t\t\t\t<div class=\"elementor-element elementor-element-aea133e animated-fast elementor-invisible elementor-widget elementor-widget-image\" data-id=\"aea133e\" data-element_type=\"widget\" data-e-type=\"widget\" data-settings=\"{&quot;_animation&quot;:&quot;fadeIn&quot;,&quot;_animation_delay&quot;:200}\" data-widget_type=\"image.default\">\n\t\t\t\t\t\t\t\t\t\t\t\t\t\t\t\t<a href=\"https:\/\/www.hilti.com\" target=\"_blank\">\n\t\t\t\t\t\t\t<img loading=\"lazy\" decoding=\"async\" width=\"127\" height=\"30\" src=\"https:\/\/alca.al\/wp-content\/uploads\/2026\/03\/Asset-4-1.svg\" class=\"attachment-full size-full wp-image-12892\" alt=\"\" \/>\t\t\t\t\t\t\t\t<\/a>\n\t\t\t\t\t\t\t\t\t\t\t\t\t\t\t<\/div>\n\t\t\t\t<\/div>\n\t\t\t\t\t<\/div>\n\t\t\t\t<\/div>\n\t\t<div class=\"elementor-element elementor-element-014ce35 e-flex e-con-boxed e-con e-parent\" data-id=\"014ce35\" data-element_type=\"container\" data-e-type=\"container\">\n\t\t\t\t\t<div class=\"e-con-inner\">\n\t\t<div class=\"elementor-element elementor-element-14d85f0 e-con-full e-flex e-con e-child\" data-id=\"14d85f0\" data-element_type=\"container\" data-e-type=\"container\">\n\t\t\t\t<div class=\"elementor-element elementor-element-3a0ea94 animated-fast elementor-invisible elementor-widget elementor-widget-image\" data-id=\"3a0ea94\" data-element_type=\"widget\" data-e-type=\"widget\" data-settings=\"{&quot;_animation&quot;:&quot;fadeIn&quot;,&quot;_animation_delay&quot;:100}\" data-widget_type=\"image.default\">\n\t\t\t\t\t\t\t\t\t\t\t\t\t\t\t\t<a href=\"https:\/\/www.sika.com\" target=\"_blank\">\n\t\t\t\t\t\t\t<img loading=\"lazy\" decoding=\"async\" width=\"3840\" height=\"3334\" src=\"https:\/\/alca.al\/wp-content\/uploads\/2026\/03\/Logo_Sika_AG.svg.png\" class=\"attachment-full size-full wp-image-12893\" alt=\"\" \/>\t\t\t\t\t\t\t\t<\/a>\n\t\t\t\t\t\t\t\t\t\t\t\t\t\t\t<\/div>\n\t\t\t\t<\/div>\n\t\t<div class=\"elementor-element elementor-element-65991fa e-con-full e-flex e-con e-child\" data-id=\"65991fa\" data-element_type=\"container\" data-e-type=\"container\">\n\t\t\t\t<div class=\"elementor-element elementor-element-aa17059 animated-fast elementor-invisible elementor-widget elementor-widget-image\" data-id=\"aa17059\" data-element_type=\"widget\" data-e-type=\"widget\" data-settings=\"{&quot;_animation&quot;:&quot;fadeIn&quot;,&quot;_animation_delay&quot;:600}\" data-widget_type=\"image.default\">\n\t\t\t\t\t\t\t\t\t\t\t\t\t\t\t\t<a href=\"https:\/\/www.geze.com\" target=\"_blank\">\n\t\t\t\t\t\t\t<img loading=\"lazy\" decoding=\"async\" width=\"95\" height=\"30\" src=\"https:\/\/alca.al\/wp-content\/uploads\/2026\/03\/Asset-6-1.svg\" class=\"attachment-full size-full wp-image-12894\" alt=\"\" \/>\t\t\t\t\t\t\t\t<\/a>\n\t\t\t\t\t\t\t\t\t\t\t\t\t\t\t<\/div>\n\t\t\t\t<\/div>\n\t\t<div class=\"elementor-element elementor-element-9ce5309 e-con-full e-flex e-con e-child\" data-id=\"9ce5309\" data-element_type=\"container\" data-e-type=\"container\">\n\t\t\t\t<div class=\"elementor-element elementor-element-bc57ec6 animated-fast elementor-invisible elementor-widget elementor-widget-image\" data-id=\"bc57ec6\" data-element_type=\"widget\" data-e-type=\"widget\" data-settings=\"{&quot;_animation&quot;:&quot;fadeIn&quot;,&quot;_animation_delay&quot;:300}\" data-widget_type=\"image.default\">\n\t\t\t\t\t\t\t\t\t\t\t\t\t\t\t\t<a href=\"https:\/\/www.mvrdv.coma%20https:\/\/agrob-buchtal.de\/en\/architect-planner\/facade\" target=\"_blank\">\n\t\t\t\t\t\t\t<img loading=\"lazy\" decoding=\"async\" width=\"180\" height=\"15\" src=\"https:\/\/alca.al\/wp-content\/uploads\/2026\/03\/Asset-1-2.svg\" class=\"attachment-full size-full wp-image-12896\" alt=\"\" \/>\t\t\t\t\t\t\t\t<\/a>\n\t\t\t\t\t\t\t\t\t\t\t\t\t\t\t<\/div>\n\t\t\t\t<\/div>\n\t\t<div class=\"elementor-element elementor-element-fe13e65 e-con-full e-flex e-con e-child\" data-id=\"fe13e65\" data-element_type=\"container\" data-e-type=\"container\">\n\t\t\t\t<\/div>\n\t\t<div class=\"elementor-element elementor-element-e9ea6b4 e-con-full e-flex e-con e-child\" data-id=\"e9ea6b4\" data-element_type=\"container\" data-e-type=\"container\">\n\t\t\t\t<\/div>\n\t\t<div class=\"elementor-element elementor-element-8f41eac e-con-full e-flex e-con e-child\" data-id=\"8f41eac\" data-element_type=\"container\" data-e-type=\"container\">\n\t\t\t\t<\/div>\n\t\t\t\t\t<\/div>\n\t\t\t\t<\/div>\n\t\t<div class=\"elementor-element elementor-element-3f94c19 e-flex e-con-boxed e-con e-parent\" data-id=\"3f94c19\" data-element_type=\"container\" data-e-type=\"container\">\n\t\t\t\t\t<div class=\"e-con-inner\">\n\t\t\t\t<div class=\"elementor-element elementor-element-6770ad4 elementor-invisible elementor-widget elementor-widget-heading\" data-id=\"6770ad4\" data-element_type=\"widget\" data-e-type=\"widget\" data-settings=\"{&quot;_animation&quot;:&quot;opal-move-left&quot;}\" data-widget_type=\"heading.default\">\n\t\t\t\t\t<h2 class=\"elementor-heading-title elementor-size-default\">Arkitekt\u00ebt<\/h2>\t\t\t\t<\/div>\n\t\t\t\t\t<\/div>\n\t\t\t\t<\/div>\n\t\t<div class=\"elementor-element elementor-element-2a94921 e-flex e-con-boxed e-con e-parent\" data-id=\"2a94921\" data-element_type=\"container\" data-e-type=\"container\">\n\t\t\t\t\t<div class=\"e-con-inner\">\n\t\t<div class=\"elementor-element elementor-element-3c7ebc6 e-con-full e-flex e-con e-child\" data-id=\"3c7ebc6\" data-element_type=\"container\" data-e-type=\"container\">\n\t\t\t\t<div class=\"elementor-element elementor-element-11d1280 animated-fast elementor-invisible elementor-widget elementor-widget-image\" data-id=\"11d1280\" data-element_type=\"widget\" data-e-type=\"widget\" data-settings=\"{&quot;_animation&quot;:&quot;fadeIn&quot;,&quot;_animation_delay&quot;:400}\" data-widget_type=\"image.default\">\n\t\t\t\t\t\t\t\t\t\t\t\t\t\t\t\t<a href=\"https:\/\/www.stefanoboeriarchitetti.net\/en\/\" target=\"_blank\">\n\t\t\t\t\t\t\t<img loading=\"lazy\" decoding=\"async\" width=\"220\" height=\"200\" src=\"https:\/\/alca.al\/wp-content\/uploads\/2026\/03\/logo-stefano-boeri-architetti.png\" class=\"attachment-full size-full wp-image-12871\" alt=\"\" \/>\t\t\t\t\t\t\t\t<\/a>\n\t\t\t\t\t\t\t\t\t\t\t\t\t\t\t<\/div>\n\t\t\t\t<\/div>\n\t\t<div class=\"elementor-element elementor-element-8fc2661 e-con-full e-flex e-con e-child\" data-id=\"8fc2661\" data-element_type=\"container\" data-e-type=\"container\">\n\t\t\t\t<div class=\"elementor-element elementor-element-c03a0e3 animated-fast elementor-invisible elementor-widget elementor-widget-image\" data-id=\"c03a0e3\" data-element_type=\"widget\" data-e-type=\"widget\" data-settings=\"{&quot;_animation&quot;:&quot;fadeIn&quot;,&quot;_animation_delay&quot;:600}\" data-widget_type=\"image.default\">\n\t\t\t\t\t\t\t\t\t\t\t\t\t\t\t\t<a href=\"https:\/\/www.mcarchitects.it\/en\/home-en\" target=\"_blank\">\n\t\t\t\t\t\t\t<img loading=\"lazy\" decoding=\"async\" width=\"1156\" height=\"289\" src=\"https:\/\/alca.al\/wp-content\/uploads\/2026\/03\/mca.jpeg\" class=\"attachment-full size-full wp-image-12866\" alt=\"\" \/>\t\t\t\t\t\t\t\t<\/a>\n\t\t\t\t\t\t\t\t\t\t\t\t\t\t\t<\/div>\n\t\t\t\t<\/div>\n\t\t<div class=\"elementor-element elementor-element-886b928 e-con-full e-flex e-con e-child\" data-id=\"886b928\" data-element_type=\"container\" data-e-type=\"container\">\n\t\t\t\t<div class=\"elementor-element elementor-element-a292495 animated-fast elementor-invisible elementor-widget elementor-widget-image\" data-id=\"a292495\" data-element_type=\"widget\" data-e-type=\"widget\" data-settings=\"{&quot;_animation&quot;:&quot;fadeIn&quot;,&quot;_animation_delay&quot;:200}\" data-widget_type=\"image.default\">\n\t\t\t\t\t\t\t\t\t\t\t\t\t\t\t\t<a href=\"https:\/\/architecturestudio.fr\/en\/\" target=\"_blank\">\n\t\t\t\t\t\t\t<img loading=\"lazy\" decoding=\"async\" width=\"46\" height=\"22\" src=\"https:\/\/alca.al\/wp-content\/uploads\/2026\/03\/as.svg\" class=\"attachment-full size-full wp-image-12863\" alt=\"\" \/>\t\t\t\t\t\t\t\t<\/a>\n\t\t\t\t\t\t\t\t\t\t\t\t\t\t\t<\/div>\n\t\t\t\t<\/div>\n\t\t<div class=\"elementor-element elementor-element-a63b904 e-con-full e-flex e-con e-child\" data-id=\"a63b904\" data-element_type=\"container\" data-e-type=\"container\">\n\t\t\t\t<div class=\"elementor-element elementor-element-442ff74 animated-fast elementor-invisible elementor-widget elementor-widget-image\" data-id=\"442ff74\" data-element_type=\"widget\" data-e-type=\"widget\" data-settings=\"{&quot;_animation&quot;:&quot;fadeIn&quot;,&quot;_animation_delay&quot;:300}\" data-widget_type=\"image.default\">\n\t\t\t\t\t\t\t\t\t\t\t\t\t\t\t\t<a href=\"https:\/\/www.bolles-wilson.com\" target=\"_blank\">\n\t\t\t\t\t\t\t<img loading=\"lazy\" decoding=\"async\" width=\"128\" height=\"11\" src=\"https:\/\/alca.al\/wp-content\/uploads\/2026\/03\/bw.svg\" class=\"attachment-full size-full wp-image-12864\" alt=\"\" \/>\t\t\t\t\t\t\t\t<\/a>\n\t\t\t\t\t\t\t\t\t\t\t\t\t\t\t<\/div>\n\t\t\t\t<\/div>\n\t\t<div class=\"elementor-element elementor-element-ca62172 e-con-full e-flex e-con e-child\" data-id=\"ca62172\" data-element_type=\"container\" data-e-type=\"container\">\n\t\t\t\t<div class=\"elementor-element elementor-element-0142bef animated-fast elementor-invisible elementor-widget elementor-widget-image\" data-id=\"0142bef\" data-element_type=\"widget\" data-e-type=\"widget\" data-settings=\"{&quot;_animation&quot;:&quot;fadeIn&quot;,&quot;_animation_delay&quot;:300}\" data-widget_type=\"image.default\">\n\t\t\t\t\t\t\t\t\t\t\t\t\t\t\t\t<a href=\"https:\/\/www.mvrdv.com\" target=\"_blank\">\n\t\t\t\t\t\t\t<img loading=\"lazy\" decoding=\"async\" width=\"299\" height=\"168\" src=\"https:\/\/alca.al\/wp-content\/uploads\/2026\/03\/download.png\" class=\"attachment-full size-full wp-image-12895\" alt=\"\" \/>\t\t\t\t\t\t\t\t<\/a>\n\t\t\t\t\t\t\t\t\t\t\t\t\t\t\t<\/div>\n\t\t\t\t<\/div>\n\t\t<div class=\"elementor-element elementor-element-5a4a957 e-con-full e-flex e-con e-child\" data-id=\"5a4a957\" data-element_type=\"container\" data-e-type=\"container\">\n\t\t\t\t<\/div>\n\t\t\t\t\t<\/div>\n\t\t\t\t<\/div>\n\t\t\t\t<\/div>\n\t\t","protected":false},"excerpt":{"rendered":"<p>Bashk\u00ebpunojm\u00eb me arkitekt\u00eb lider\u00eb dhe furnitor\u00eb t\u00eb besuar, t\u00eb cil\u00ebt ndajn\u00eb me ne t\u00eb nj\u00ebjtin p\u00ebrkushtim ndaj cil\u00ebsis\u00eb, inovacionit dhe sakt\u00ebsis\u00eb n\u00eb realizimin e fasadave. Furnitor\u00eb Arkitekt\u00ebt<\/p>\n","protected":false},"author":1,"featured_media":12897,"parent":0,"menu_order":0,"comment_status":"closed","ping_status":"closed","template":"","meta":{"inline_featured_image":false,"footnotes":""},"class_list":["post-12898","page","type-page","status-publish","has-post-thumbnail","hentry"],"yoast_head":"<!-- This site is optimized with the Yoast SEO plugin v27.5 - https:\/\/yoast.com\/product\/yoast-seo-wordpress\/ -->\n<title>Partner\u00ebt - ALCA<\/title>\n<meta name=\"description\" content=\"Zbuloni partner\u00ebt strategjik\u00eb dhe furnitor\u00ebt e ALCA q\u00eb mb\u00ebshtesin projektimin, inxhinierin\u00eb, prodhimin dhe instalimin e sistemeve t\u00eb fasadave dhe mb\u00ebshtjell\u00ebsve t\u00eb nd\u00ebrtesave.\" \/>\n<meta name=\"robots\" content=\"index, follow, max-snippet:-1, max-image-preview:large, max-video-preview:-1\" \/>\n<link rel=\"canonical\" href=\"https:\/\/alca.al\/sq\/partneret\/\" \/>\n<meta property=\"og:locale\" content=\"sq_AL\" \/>\n<meta property=\"og:type\" content=\"article\" \/>\n<meta property=\"og:title\" content=\"Partner\u00ebt - ALCA\" \/>\n<meta property=\"og:description\" content=\"Zbuloni partner\u00ebt strategjik\u00eb dhe furnitor\u00ebt e ALCA q\u00eb mb\u00ebshtesin projektimin, inxhinierin\u00eb, prodhimin dhe instalimin e sistemeve t\u00eb fasadave dhe mb\u00ebshtjell\u00ebsve t\u00eb nd\u00ebrtesave.\" \/>\n<meta property=\"og:url\" content=\"https:\/\/alca.al\/sq\/partneret\/\" \/>\n<meta property=\"og:site_name\" content=\"ALCA\" \/>\n<meta property=\"article:modified_time\" content=\"2026-04-03T14:30:18+00:00\" \/>\n<meta property=\"og:image\" content=\"https:\/\/alca.al\/wp-content\/uploads\/2026\/03\/Partners.jpg\" \/>\n\t<meta property=\"og:image:width\" content=\"1920\" \/>\n\t<meta property=\"og:image:height\" content=\"950\" \/>\n\t<meta property=\"og:image:type\" content=\"image\/jpeg\" \/>\n<meta name=\"twitter:card\" content=\"summary_large_image\" \/>\n<script type=\"application\/ld+json\" class=\"yoast-schema-graph\">{\"@context\":\"https:\\\/\\\/schema.org\",\"@graph\":[{\"@type\":\"WebPage\",\"@id\":\"https:\\\/\\\/alca.al\\\/sq\\\/partneret\\\/\",\"url\":\"https:\\\/\\\/alca.al\\\/sq\\\/partneret\\\/\",\"name\":\"Partner\u00ebt - ALCA\",\"isPartOf\":{\"@id\":\"https:\\\/\\\/alca.al\\\/sq\\\/#website\"},\"primaryImageOfPage\":{\"@id\":\"https:\\\/\\\/alca.al\\\/sq\\\/partneret\\\/#primaryimage\"},\"image\":{\"@id\":\"https:\\\/\\\/alca.al\\\/sq\\\/partneret\\\/#primaryimage\"},\"thumbnailUrl\":\"https:\\\/\\\/alca.al\\\/wp-content\\\/uploads\\\/2026\\\/03\\\/Partners.jpg\",\"datePublished\":\"2026-03-04T22:00:49+00:00\",\"dateModified\":\"2026-04-03T14:30:18+00:00\",\"description\":\"Zbuloni partner\u00ebt strategjik\u00eb dhe furnitor\u00ebt e ALCA q\u00eb mb\u00ebshtesin projektimin, inxhinierin\u00eb, prodhimin dhe instalimin e sistemeve t\u00eb fasadave dhe mb\u00ebshtjell\u00ebsve t\u00eb nd\u00ebrtesave.\",\"breadcrumb\":{\"@id\":\"https:\\\/\\\/alca.al\\\/sq\\\/partneret\\\/#breadcrumb\"},\"inLanguage\":\"sq\",\"potentialAction\":[{\"@type\":\"ReadAction\",\"target\":[\"https:\\\/\\\/alca.al\\\/sq\\\/partneret\\\/\"]}]},{\"@type\":\"ImageObject\",\"inLanguage\":\"sq\",\"@id\":\"https:\\\/\\\/alca.al\\\/sq\\\/partneret\\\/#primaryimage\",\"url\":\"https:\\\/\\\/alca.al\\\/wp-content\\\/uploads\\\/2026\\\/03\\\/Partners.jpg\",\"contentUrl\":\"https:\\\/\\\/alca.al\\\/wp-content\\\/uploads\\\/2026\\\/03\\\/Partners.jpg\",\"width\":1920,\"height\":950,\"caption\":\"Partner\u00ebt strategjik\u00eb t\u00eb ALCA n\u00eb fasada\"},{\"@type\":\"BreadcrumbList\",\"@id\":\"https:\\\/\\\/alca.al\\\/sq\\\/partneret\\\/#breadcrumb\",\"itemListElement\":[{\"@type\":\"ListItem\",\"position\":1,\"name\":\"Home\",\"item\":\"https:\\\/\\\/alca.al\\\/sq\\\/kreu\\\/\"},{\"@type\":\"ListItem\",\"position\":2,\"name\":\"Partner\u00ebt\"}]},{\"@type\":\"WebSite\",\"@id\":\"https:\\\/\\\/alca.al\\\/sq\\\/#website\",\"url\":\"https:\\\/\\\/alca.al\\\/sq\\\/\",\"name\":\"ALCA Sh.p.k.\",\"description\":\"Advanced curtain wall and facade systems for modern architecture, with expertise in design, engineering, production and installation.\",\"publisher\":{\"@id\":\"https:\\\/\\\/alca.al\\\/sq\\\/#organization\"},\"potentialAction\":[{\"@type\":\"SearchAction\",\"target\":{\"@type\":\"EntryPoint\",\"urlTemplate\":\"https:\\\/\\\/alca.al\\\/sq\\\/?s={search_term_string}\"},\"query-input\":{\"@type\":\"PropertyValueSpecification\",\"valueRequired\":true,\"valueName\":\"search_term_string\"}}],\"inLanguage\":\"sq\"},{\"@type\":\"Organization\",\"@id\":\"https:\\\/\\\/alca.al\\\/sq\\\/#organization\",\"name\":\"ALCA\",\"url\":\"https:\\\/\\\/alca.al\\\/sq\\\/\",\"logo\":{\"@type\":\"ImageObject\",\"inLanguage\":\"sq\",\"@id\":\"https:\\\/\\\/alca.al\\\/sq\\\/#\\\/schema\\\/logo\\\/image\\\/\",\"url\":\"https:\\\/\\\/alca.al\\\/wp-content\\\/uploads\\\/2025\\\/03\\\/Full-Logo-C.svg\",\"contentUrl\":\"https:\\\/\\\/alca.al\\\/wp-content\\\/uploads\\\/2025\\\/03\\\/Full-Logo-C.svg\",\"width\":187,\"height\":65,\"caption\":\"ALCA\"},\"image\":{\"@id\":\"https:\\\/\\\/alca.al\\\/sq\\\/#\\\/schema\\\/logo\\\/image\\\/\"},\"sameAs\":[\"https:\\\/\\\/www.linkedin.com\\\/company\\\/alca\\\/\",\"https:\\\/\\\/www.instagram.com\\\/alca.group\\\/\"]}]}<\/script>\n<!-- \/ Yoast SEO plugin. -->","yoast_head_json":{"title":"Partner\u00ebt - ALCA","description":"Zbuloni partner\u00ebt strategjik\u00eb dhe furnitor\u00ebt e ALCA q\u00eb mb\u00ebshtesin projektimin, inxhinierin\u00eb, prodhimin dhe instalimin e sistemeve t\u00eb fasadave dhe mb\u00ebshtjell\u00ebsve t\u00eb nd\u00ebrtesave.","robots":{"index":"index","follow":"follow","max-snippet":"max-snippet:-1","max-image-preview":"max-image-preview:large","max-video-preview":"max-video-preview:-1"},"canonical":"https:\/\/alca.al\/sq\/partneret\/","og_locale":"sq_AL","og_type":"article","og_title":"Partner\u00ebt - ALCA","og_description":"Zbuloni partner\u00ebt strategjik\u00eb dhe furnitor\u00ebt e ALCA q\u00eb mb\u00ebshtesin projektimin, inxhinierin\u00eb, prodhimin dhe instalimin e sistemeve t\u00eb fasadave dhe mb\u00ebshtjell\u00ebsve t\u00eb nd\u00ebrtesave.","og_url":"https:\/\/alca.al\/sq\/partneret\/","og_site_name":"ALCA","article_modified_time":"2026-04-03T14:30:18+00:00","og_image":[{"width":1920,"height":950,"url":"https:\/\/alca.al\/wp-content\/uploads\/2026\/03\/Partners.jpg","type":"image\/jpeg"}],"twitter_card":"summary_large_image","schema":{"@context":"https:\/\/schema.org","@graph":[{"@type":"WebPage","@id":"https:\/\/alca.al\/sq\/partneret\/","url":"https:\/\/alca.al\/sq\/partneret\/","name":"Partner\u00ebt - ALCA","isPartOf":{"@id":"https:\/\/alca.al\/sq\/#website"},"primaryImageOfPage":{"@id":"https:\/\/alca.al\/sq\/partneret\/#primaryimage"},"image":{"@id":"https:\/\/alca.al\/sq\/partneret\/#primaryimage"},"thumbnailUrl":"https:\/\/alca.al\/wp-content\/uploads\/2026\/03\/Partners.jpg","datePublished":"2026-03-04T22:00:49+00:00","dateModified":"2026-04-03T14:30:18+00:00","description":"Zbuloni partner\u00ebt strategjik\u00eb dhe furnitor\u00ebt e ALCA q\u00eb mb\u00ebshtesin projektimin, inxhinierin\u00eb, prodhimin dhe instalimin e sistemeve t\u00eb fasadave dhe mb\u00ebshtjell\u00ebsve t\u00eb nd\u00ebrtesave.","breadcrumb":{"@id":"https:\/\/alca.al\/sq\/partneret\/#breadcrumb"},"inLanguage":"sq","potentialAction":[{"@type":"ReadAction","target":["https:\/\/alca.al\/sq\/partneret\/"]}]},{"@type":"ImageObject","inLanguage":"sq","@id":"https:\/\/alca.al\/sq\/partneret\/#primaryimage","url":"https:\/\/alca.al\/wp-content\/uploads\/2026\/03\/Partners.jpg","contentUrl":"https:\/\/alca.al\/wp-content\/uploads\/2026\/03\/Partners.jpg","width":1920,"height":950,"caption":"Partner\u00ebt strategjik\u00eb t\u00eb ALCA n\u00eb fasada"},{"@type":"BreadcrumbList","@id":"https:\/\/alca.al\/sq\/partneret\/#breadcrumb","itemListElement":[{"@type":"ListItem","position":1,"name":"Home","item":"https:\/\/alca.al\/sq\/kreu\/"},{"@type":"ListItem","position":2,"name":"Partner\u00ebt"}]},{"@type":"WebSite","@id":"https:\/\/alca.al\/sq\/#website","url":"https:\/\/alca.al\/sq\/","name":"ALCA Sh.p.k.","description":"Advanced curtain wall and facade systems for modern architecture, with expertise in design, engineering, production and installation.","publisher":{"@id":"https:\/\/alca.al\/sq\/#organization"},"potentialAction":[{"@type":"SearchAction","target":{"@type":"EntryPoint","urlTemplate":"https:\/\/alca.al\/sq\/?s={search_term_string}"},"query-input":{"@type":"PropertyValueSpecification","valueRequired":true,"valueName":"search_term_string"}}],"inLanguage":"sq"},{"@type":"Organization","@id":"https:\/\/alca.al\/sq\/#organization","name":"ALCA","url":"https:\/\/alca.al\/sq\/","logo":{"@type":"ImageObject","inLanguage":"sq","@id":"https:\/\/alca.al\/sq\/#\/schema\/logo\/image\/","url":"https:\/\/alca.al\/wp-content\/uploads\/2025\/03\/Full-Logo-C.svg","contentUrl":"https:\/\/alca.al\/wp-content\/uploads\/2025\/03\/Full-Logo-C.svg","width":187,"height":65,"caption":"ALCA"},"image":{"@id":"https:\/\/alca.al\/sq\/#\/schema\/logo\/image\/"},"sameAs":["https:\/\/www.linkedin.com\/company\/alca\/","https:\/\/www.instagram.com\/alca.group\/"]}]}},"_links":{"self":[{"href":"https:\/\/alca.al\/sq\/wp-json\/wp\/v2\/pages\/12898","targetHints":{"allow":["GET"]}}],"collection":[{"href":"https:\/\/alca.al\/sq\/wp-json\/wp\/v2\/pages"}],"about":[{"href":"https:\/\/alca.al\/sq\/wp-json\/wp\/v2\/types\/page"}],"author":[{"embeddable":true,"href":"https:\/\/alca.al\/sq\/wp-json\/wp\/v2\/users\/1"}],"replies":[{"embeddable":true,"href":"https:\/\/alca.al\/sq\/wp-json\/wp\/v2\/comments?post=12898"}],"version-history":[{"count":5,"href":"https:\/\/alca.al\/sq\/wp-json\/wp\/v2\/pages\/12898\/revisions"}],"predecessor-version":[{"id":14233,"href":"https:\/\/alca.al\/sq\/wp-json\/wp\/v2\/pages\/12898\/revisions\/14233"}],"wp:featuredmedia":[{"embeddable":true,"href":"https:\/\/alca.al\/sq\/wp-json\/wp\/v2\/media\/12897"}],"wp:attachment":[{"href":"https:\/\/alca.al\/sq\/wp-json\/wp\/v2\/media?parent=12898"}],"curies":[{"name":"wp","href":"https:\/\/api.w.org\/{rel}","templated":true}]}}