{"id":12822,"date":"2025-03-28T03:28:31","date_gmt":"2025-03-28T02:28:31","guid":{"rendered":"https:\/\/alca.al\/kontakt\/"},"modified":"2026-04-03T11:47:12","modified_gmt":"2026-04-03T10:47:12","slug":"kontakt","status":"publish","type":"page","link":"https:\/\/alca.al\/sq\/kontakt\/","title":{"rendered":"Kontakt"},"content":{"rendered":"\t\t<div data-elementor-type=\"wp-page\" data-elementor-id=\"12822\" class=\"elementor elementor-12822 elementor-61\">\n\t\t\t\t<div class=\"elementor-element elementor-element-dd4cc01 e-con-full e-flex e-con e-parent\" data-id=\"dd4cc01\" data-element_type=\"container\" data-e-type=\"container\" data-settings=\"{&quot;background_background&quot;:&quot;classic&quot;}\">\n\t\t<div class=\"elementor-element elementor-element-49de9ae e-flex e-con-boxed e-con e-child\" data-id=\"49de9ae\" data-element_type=\"container\" data-e-type=\"container\">\n\t\t\t\t\t<div class=\"e-con-inner\">\n\t\t\t\t<div class=\"elementor-element elementor-element-03bf66d elementor-widget elementor-widget-page-title\" data-id=\"03bf66d\" data-element_type=\"widget\" data-e-type=\"widget\" data-settings=\"{&quot;align&quot;:&quot;center&quot;}\" data-widget_type=\"page-title.default\">\n\t\t\t\t<div class=\"elementor-widget-container\">\n\t\t\t\t\t\t\t\n\t\t<div class=\"hfe-page-title hfe-page-title-wrapper elementor-widget-heading\">\n\n\t\t\t\t\t\t\t\t<h2 class=\"elementor-heading-title elementor-size-default\">\n\t\t\t\t\t\t\t\t\n\t\t\t\tKontakt  \n\t\t\t<\/h2 > \n\t\t\t\t\t<\/div>\n\t\t\t\t\t\t<\/div>\n\t\t\t\t<\/div>\n\t\t\t\t\t<\/div>\n\t\t\t\t<\/div>\n\t\t\t\t<div class=\"elementor-element elementor-element-6e1c396 elementor-widget elementor-widget-spacer\" data-id=\"6e1c396\" data-element_type=\"widget\" data-e-type=\"widget\" data-widget_type=\"spacer.default\">\n\t\t\t\t\t\t\t<div class=\"elementor-spacer\">\n\t\t\t<div class=\"elementor-spacer-inner\"><\/div>\n\t\t<\/div>\n\t\t\t\t\t\t<\/div>\n\t\t\t\t<\/div>\n\t\t<div class=\"elementor-element elementor-element-3223ea3 e-flex e-con-boxed e-con e-parent\" data-id=\"3223ea3\" data-element_type=\"container\" data-e-type=\"container\">\n\t\t\t\t\t<div class=\"e-con-inner\">\n\t\t<div class=\"elementor-element elementor-element-37de8a3 e-con-full e-flex e-con e-child\" data-id=\"37de8a3\" data-element_type=\"container\" data-e-type=\"container\">\n\t\t<div class=\"elementor-element elementor-element-cdab0ff e-con-full animated-fast e-flex elementor-invisible e-con e-child\" data-id=\"cdab0ff\" data-element_type=\"container\" data-e-type=\"container\" data-settings=\"{&quot;animation&quot;:&quot;opal-move-up&quot;,&quot;animation_delay&quot;:100}\">\n\t\t\t\t<div class=\"elementor-element elementor-element-0eee540 elementor-widget elementor-widget-heading\" data-id=\"0eee540\" data-element_type=\"widget\" data-e-type=\"widget\" data-widget_type=\"heading.default\">\n\t\t\t\t\t<div class=\"elementor-heading-title elementor-size-default\">Kontakt<\/div>\t\t\t\t<\/div>\n\t\t\t\t<div class=\"elementor-element elementor-element-e4d500c elementor-widget elementor-widget-text-editor\" data-id=\"e4d500c\" data-element_type=\"widget\" data-e-type=\"widget\" data-widget_type=\"text-editor.default\">\n\t\t\t\t\t\t\t\t\t<p>Zyrat q\u00ebndrore<\/p>\n\t\t\t\t\t\t\t\t<\/div>\n\t\t\t\t<div class=\"elementor-element elementor-element-7e7a972 elementor-position-inline-start elementor-view-default elementor-mobile-position-block-start elementor-widget elementor-widget-icon-box\" data-id=\"7e7a972\" data-element_type=\"widget\" data-e-type=\"widget\" data-widget_type=\"icon-box.default\">\n\t\t\t\t\t\t\t<div class=\"elementor-icon-box-wrapper\">\n\n\t\t\t\t\t\t<div class=\"elementor-icon-box-icon\">\n\t\t\t\t<a href=\"tel:+355697084250\" class=\"elementor-icon\" tabindex=\"-1\" aria-label=\"+355 69 708 4250\">\n\t\t\t\t<i aria-hidden=\"true\" class=\"spaciaz-icon- spaciaz-icon-call-out\"><\/i>\t\t\t\t<\/a>\n\t\t\t<\/div>\n\t\t\t\n\t\t\t\t\t\t<div class=\"elementor-icon-box-content\">\n\n\t\t\t\t\t\t\t\t\t<p class=\"elementor-icon-box-title\">\n\t\t\t\t\t\t<a href=\"tel:+355697084250\" >\n\t\t\t\t\t\t\t+355 69 708 4250\t\t\t\t\t\t<\/a>\n\t\t\t\t\t<\/p>\n\t\t\t\t\n\t\t\t\t\n\t\t\t<\/div>\n\t\t\t\n\t\t<\/div>\n\t\t\t\t\t\t<\/div>\n\t\t\t\t<div class=\"elementor-element elementor-element-a0ce4e0 elementor-position-inline-start elementor-view-default elementor-mobile-position-block-start elementor-widget elementor-widget-icon-box\" data-id=\"a0ce4e0\" data-element_type=\"widget\" data-e-type=\"widget\" data-widget_type=\"icon-box.default\">\n\t\t\t\t\t\t\t<div class=\"elementor-icon-box-wrapper\">\n\n\t\t\t\t\t\t<div class=\"elementor-icon-box-icon\">\n\t\t\t\t<a href=\"https:\/\/maps.app.goo.gl\/DMNWe3Ah3dGkNsrJ9\" target=\"_blank\" class=\"elementor-icon\" tabindex=\"-1\" aria-label=\"Autostrada Tirane-Durres, km11\">\n\t\t\t\t<i aria-hidden=\"true\" class=\"spaciaz-icon- spaciaz-icon-marker-pin\"><\/i>\t\t\t\t<\/a>\n\t\t\t<\/div>\n\t\t\t\n\t\t\t\t\t\t<div class=\"elementor-icon-box-content\">\n\n\t\t\t\t\t\t\t\t\t<p class=\"elementor-icon-box-title\">\n\t\t\t\t\t\t<a href=\"https:\/\/maps.app.goo.gl\/DMNWe3Ah3dGkNsrJ9\" target=\"_blank\" >\n\t\t\t\t\t\t\tAutostrada Tirane-Durres, km11\t\t\t\t\t\t<\/a>\n\t\t\t\t\t<\/p>\n\t\t\t\t\n\t\t\t\t\n\t\t\t<\/div>\n\t\t\t\n\t\t<\/div>\n\t\t\t\t\t\t<\/div>\n\t\t\t\t<div class=\"elementor-element elementor-element-8b21a13 elementor-position-inline-start elementor-view-default elementor-mobile-position-block-start elementor-widget elementor-widget-icon-box\" data-id=\"8b21a13\" data-element_type=\"widget\" data-e-type=\"widget\" data-widget_type=\"icon-box.default\">\n\t\t\t\t\t\t\t<div class=\"elementor-icon-box-wrapper\">\n\n\t\t\t\t\t\t<div class=\"elementor-icon-box-icon\">\n\t\t\t\t<a href=\"mailto:info@alca.al\" class=\"elementor-icon\" tabindex=\"-1\" aria-label=\"info@alca.al\">\n\t\t\t\t<i aria-hidden=\"true\" class=\"spaciaz-icon- spaciaz-icon-envelope-open\"><\/i>\t\t\t\t<\/a>\n\t\t\t<\/div>\n\t\t\t\n\t\t\t\t\t\t<div class=\"elementor-icon-box-content\">\n\n\t\t\t\t\t\t\t\t\t<p class=\"elementor-icon-box-title\">\n\t\t\t\t\t\t<a href=\"mailto:info@alca.al\" >\n\t\t\t\t\t\t\tinfo@alca.al\t\t\t\t\t\t<\/a>\n\t\t\t\t\t<\/p>\n\t\t\t\t\n\t\t\t\t\n\t\t\t<\/div>\n\t\t\t\n\t\t<\/div>\n\t\t\t\t\t\t<\/div>\n\t\t\t\t<div class=\"elementor-element elementor-element-bdfce31 elementor-widget elementor-widget-html\" data-id=\"bdfce31\" data-element_type=\"widget\" data-e-type=\"widget\" data-widget_type=\"html.default\">\n\t\t\t\t\t<iframe src=\"https:\/\/www.google.com\/maps\/embed?pb=!1m18!1m12!1m3!1d2994.2574810193073!2d19.696315775532906!3d41.36849029716795!2m3!1f0!2f0!3f0!3m2!1i1024!2i768!4f13.1!3m3!1m2!1s0x13502e9aaf6fca4f%3A0xfb0b8682efa023cc!2sALCA%20Sh.p.k.!5e0!3m2!1sen!2s!4v1771057781136!5m2!1sen!2s\" width=\"100%\" height=\"400\" style=\"border:0;border-radius:30px;\" allowfullscreen=\"\" loading=\"lazy\" referrerpolicy=\"no-referrer-when-downgrade\"><\/iframe>\t\t\t\t<\/div>\n\t\t\t\t<\/div>\n\t\t\t\t<\/div>\n\t\t<div class=\"elementor-element elementor-element-fa49f41 e-con-full e-flex e-con e-child\" data-id=\"fa49f41\" data-element_type=\"container\" data-e-type=\"container\">\n\t\t<div class=\"elementor-element elementor-element-09f2dc9 e-con-full animated-fast contact-myform e-flex elementor-invisible e-con e-child\" data-id=\"09f2dc9\" data-element_type=\"container\" data-e-type=\"container\" data-settings=\"{&quot;animation&quot;:&quot;opal-move-up&quot;,&quot;animation_delay&quot;:100}\">\n\t\t\t\t<div class=\"elementor-element elementor-element-583f6cc elementor-widget elementor-widget-heading\" data-id=\"583f6cc\" data-element_type=\"widget\" data-e-type=\"widget\" data-widget_type=\"heading.default\">\n\t\t\t\t\t<div class=\"elementor-heading-title elementor-size-default\">Formular k\u00ebrkese<\/div>\t\t\t\t<\/div>\n\t\t\t\t<div class=\"elementor-element elementor-element-8700c85 elementor-widget elementor-widget-text-editor\" data-id=\"8700c85\" data-element_type=\"widget\" data-e-type=\"widget\" data-widget_type=\"text-editor.default\">\n\t\t\t\t\t\t\t\t\t<p>Kontaktoni ekipin ton\u00eb p\u00ebr pyetje n\u00eb lidhje me projektet, partneritetet ose informacione t\u00eb p\u00ebrgjithshme.<\/p>\n\t\t\t\t\t\t\t\t<\/div>\n\t\t\t\t<div class=\"elementor-element elementor-element-971d530 elementor-widget elementor-widget-spaciaz-contactform\" data-id=\"971d530\" data-element_type=\"widget\" data-e-type=\"widget\" data-widget_type=\"spaciaz-contactform.default\">\n\t\t\t\t<div class=\"elementor-widget-container\">\n\t\t\t\t\t\n<div class=\"wpcf7 no-js\" id=\"wpcf7-f13077-o1\" lang=\"sq\" dir=\"ltr\" data-wpcf7-id=\"13077\">\n<div class=\"screen-reader-response\"><p role=\"status\" aria-live=\"polite\" aria-atomic=\"true\"><\/p> <ul><\/ul><\/div>\n<form action=\"\/sq\/wp-json\/wp\/v2\/pages\/12822#wpcf7-f13077-o1\" method=\"post\" class=\"wpcf7-form init\" aria-label=\"Formular kontaktesh\" novalidate=\"novalidate\" data-status=\"init\">\n<fieldset class=\"hidden-fields-container\"><input type=\"hidden\" name=\"_wpcf7\" value=\"13077\" \/><input type=\"hidden\" name=\"_wpcf7_version\" value=\"6.1.5\" \/><input type=\"hidden\" name=\"_wpcf7_locale\" value=\"sq\" \/><input type=\"hidden\" name=\"_wpcf7_unit_tag\" value=\"wpcf7-f13077-o1\" \/><input type=\"hidden\" name=\"_wpcf7_container_post\" value=\"0\" \/><input type=\"hidden\" name=\"_wpcf7_posted_data_hash\" value=\"\" \/><input type=\"hidden\" name=\"_wpcf7_recaptcha_response\" value=\"\" \/>\n<\/fieldset>\n<div class=\"row\">\n\t<div class=\"column-50\">\n\t\t<p><span class=\"wpcf7-form-control-wrap\" data-name=\"full-name\"><input size=\"40\" maxlength=\"400\" class=\"wpcf7-form-control wpcf7-text wpcf7-validates-as-required\" aria-required=\"true\" aria-invalid=\"false\" placeholder=\"Emri Mbiemri*\" value=\"\" type=\"text\" name=\"full-name\" \/><\/span>\n\t\t<\/p>\n\t<\/div>\n\t<div class=\"column-50\">\n\t\t<p><span class=\"wpcf7-form-control-wrap\" data-name=\"company\"><input size=\"40\" maxlength=\"400\" class=\"wpcf7-form-control wpcf7-text wpcf7-validates-as-required\" aria-required=\"true\" aria-invalid=\"false\" placeholder=\"Kompani*\" value=\"\" type=\"text\" name=\"company\" \/><\/span>\n\t\t<\/p>\n\t<\/div>\n\t<div class=\"column-50\">\n\t\t<p><span class=\"wpcf7-form-control-wrap\" data-name=\"email\"><input size=\"40\" maxlength=\"400\" class=\"wpcf7-form-control wpcf7-email wpcf7-validates-as-required wpcf7-text wpcf7-validates-as-email\" aria-required=\"true\" aria-invalid=\"false\" placeholder=\"Email*\" value=\"\" type=\"email\" name=\"email\" \/><\/span>\n\t\t<\/p>\n\t<\/div>\n\t<div class=\"column-50\">\n\t\t<p><span class=\"wpcf7-form-control-wrap\" data-name=\"phone\"><input size=\"40\" maxlength=\"400\" class=\"wpcf7-form-control wpcf7-tel wpcf7-text wpcf7-validates-as-tel\" aria-invalid=\"false\" placeholder=\"Celulari *\" value=\"\" type=\"tel\" name=\"phone\" \/><\/span>\n\t\t<\/p>\n\t<\/div>\n\t<div class=\"column-100\">\n\t\t<p><span class=\"wpcf7-form-control-wrap\" data-name=\"your-message\"><textarea cols=\"40\" rows=\"6\" maxlength=\"2000\" class=\"wpcf7-form-control wpcf7-textarea\" aria-invalid=\"false\" placeholder=\"Mesazhi...\" name=\"your-message\"><\/textarea><\/span>\n\t\t<\/p>\n\t<\/div>\n\t<div class=\"privacy-check column-100\">\n\t\t<p><label><span class=\"wpcf7-form-control-wrap\" data-name=\"privacy-policy\"><span class=\"wpcf7-form-control wpcf7-checkbox wpcf7-validates-as-required\"><span class=\"wpcf7-list-item first last\"><label><input type=\"checkbox\" name=\"privacy-policy[]\" value=\"Un\u00eb i kam lexuar dhe i pranoj\" \/><span class=\"wpcf7-list-item-label\">Un\u00eb i kam lexuar dhe i pranoj<\/span><\/label><\/span><\/span><\/span><a href=\"\/sq\/politika-e-privatesise-dhe-cookies\/\" target=\"_blank\">Politikat e Privat\u00ebsis\u00eb<\/a><\/label>\n\t\t<\/p>\n\t<\/div>\n\t<div class=\"column-50\">\n\t\t<div class=\"wpcf7-button elementor-button-outline\">\n\t\t\t<div class=\"submit-btn enable-style-icon-yes \" style=\"text-align: end; margin-top: 50px;\">\n\t\t\t\t<p><button type=\"submit\" value=\"submit\" class=\"elementor-button elementor-button-link elementor-size-sm\"><span class=\"elementor-button-content-wrapper\"><span class=\"elementor-button-text\">D\u00ebrgo<\/span><\/span><\/button>\n\t\t\t\t<\/p>\n\t\t\t<\/div>\n\t\t<\/div>\n\t<\/div>\n<\/div><div class=\"wpcf7-response-output\" aria-hidden=\"true\"><\/div>\n<\/form>\n<\/div>\n\t\t\t\t<\/div>\n\t\t\t\t<\/div>\n\t\t\t\t<\/div>\n\t\t\t\t<\/div>\n\t\t\t\t\t<\/div>\n\t\t\t\t<\/div>\n\t\t\t\t<\/div>\n\t\t","protected":false},"excerpt":{"rendered":"<p>Kontakt Zyrat q\u00ebndrore +355 69 708 4250 Autostrada Tirane-Durres, km11 info@alca.al Formular k\u00ebrkese Kontaktoni ekipin ton\u00eb p\u00ebr pyetje n\u00eb lidhje me projektet, partneritetet ose informacione t\u00eb p\u00ebrgjithshme. I have read and accept thePrivacy Policy Submit<\/p>\n","protected":false},"author":1,"featured_media":12821,"parent":0,"menu_order":0,"comment_status":"closed","ping_status":"closed","template":"template-homepage.php","meta":{"inline_featured_image":false,"footnotes":""},"class_list":["post-12822","page","type-page","status-publish","has-post-thumbnail","hentry"],"yoast_head":"<!-- This site is optimized with the Yoast SEO plugin v27.5 - https:\/\/yoast.com\/product\/yoast-seo-wordpress\/ -->\n<title>Kontakt | Zyra Qendrore e ALCA dhe K\u00ebrkesa p\u00ebr Projekte - ALCA<\/title>\n<meta name=\"description\" content=\"Kontaktoni ALCA n\u00eb Tiran\u00eb, Shqip\u00ebri p\u00ebr k\u00ebrkesa mbi projekte, partneritete ose informacione t\u00eb p\u00ebrgjithshme. Na kontaktoni me telefon, email ose formular k\u00ebrkese.\" \/>\n<meta name=\"robots\" content=\"index, follow, max-snippet:-1, max-image-preview:large, max-video-preview:-1\" \/>\n<link rel=\"canonical\" href=\"https:\/\/alca.al\/sq\/kontakt\/\" \/>\n<meta property=\"og:locale\" content=\"sq_AL\" \/>\n<meta property=\"og:type\" content=\"article\" \/>\n<meta property=\"og:title\" content=\"Kontakt | Zyra Qendrore e ALCA dhe K\u00ebrkesa p\u00ebr Projekte - ALCA\" \/>\n<meta property=\"og:description\" content=\"Kontaktoni ALCA n\u00eb Tiran\u00eb, Shqip\u00ebri p\u00ebr k\u00ebrkesa mbi projekte, partneritete ose informacione t\u00eb p\u00ebrgjithshme. Na kontaktoni me telefon, email ose formular k\u00ebrkese.\" \/>\n<meta property=\"og:url\" content=\"https:\/\/alca.al\/sq\/kontakt\/\" \/>\n<meta property=\"og:site_name\" content=\"ALCA\" \/>\n<meta property=\"article:modified_time\" content=\"2026-04-03T10:47:12+00:00\" \/>\n<meta property=\"og:image\" content=\"https:\/\/alca.al\/wp-content\/uploads\/2026\/03\/Contact.jpg\" \/>\n\t<meta property=\"og:image:width\" content=\"1920\" \/>\n\t<meta property=\"og:image:height\" content=\"950\" \/>\n\t<meta property=\"og:image:type\" content=\"image\/jpeg\" \/>\n<meta name=\"twitter:card\" content=\"summary_large_image\" \/>\n<script type=\"application\/ld+json\" class=\"yoast-schema-graph\">{\"@context\":\"https:\\\/\\\/schema.org\",\"@graph\":[{\"@type\":\"WebPage\",\"@id\":\"https:\\\/\\\/alca.al\\\/sq\\\/kontakt\\\/\",\"url\":\"https:\\\/\\\/alca.al\\\/sq\\\/kontakt\\\/\",\"name\":\"Kontakt | Zyra Qendrore e ALCA dhe K\u00ebrkesa p\u00ebr Projekte - ALCA\",\"isPartOf\":{\"@id\":\"https:\\\/\\\/alca.al\\\/sq\\\/#website\"},\"primaryImageOfPage\":{\"@id\":\"https:\\\/\\\/alca.al\\\/sq\\\/kontakt\\\/#primaryimage\"},\"image\":{\"@id\":\"https:\\\/\\\/alca.al\\\/sq\\\/kontakt\\\/#primaryimage\"},\"thumbnailUrl\":\"https:\\\/\\\/alca.al\\\/wp-content\\\/uploads\\\/2026\\\/03\\\/Contact.jpg\",\"datePublished\":\"2025-03-28T02:28:31+00:00\",\"dateModified\":\"2026-04-03T10:47:12+00:00\",\"description\":\"Kontaktoni ALCA n\u00eb Tiran\u00eb, Shqip\u00ebri p\u00ebr k\u00ebrkesa mbi projekte, partneritete ose informacione t\u00eb p\u00ebrgjithshme. Na kontaktoni me telefon, email ose formular k\u00ebrkese.\",\"breadcrumb\":{\"@id\":\"https:\\\/\\\/alca.al\\\/sq\\\/kontakt\\\/#breadcrumb\"},\"inLanguage\":\"sq\",\"potentialAction\":[{\"@type\":\"ReadAction\",\"target\":[\"https:\\\/\\\/alca.al\\\/sq\\\/kontakt\\\/\"]}]},{\"@type\":\"ImageObject\",\"inLanguage\":\"sq\",\"@id\":\"https:\\\/\\\/alca.al\\\/sq\\\/kontakt\\\/#primaryimage\",\"url\":\"https:\\\/\\\/alca.al\\\/wp-content\\\/uploads\\\/2026\\\/03\\\/Contact.jpg\",\"contentUrl\":\"https:\\\/\\\/alca.al\\\/wp-content\\\/uploads\\\/2026\\\/03\\\/Contact.jpg\",\"width\":1920,\"height\":950,\"caption\":\"Faqja e kontaktit t\u00eb ALCA p\u00ebr zyr\u00ebn qendrore dhe k\u00ebrkesat p\u00ebr projekte\"},{\"@type\":\"BreadcrumbList\",\"@id\":\"https:\\\/\\\/alca.al\\\/sq\\\/kontakt\\\/#breadcrumb\",\"itemListElement\":[{\"@type\":\"ListItem\",\"position\":1,\"name\":\"Home\",\"item\":\"https:\\\/\\\/alca.al\\\/sq\\\/kreu\\\/\"},{\"@type\":\"ListItem\",\"position\":2,\"name\":\"Kontakt\"}]},{\"@type\":\"WebSite\",\"@id\":\"https:\\\/\\\/alca.al\\\/sq\\\/#website\",\"url\":\"https:\\\/\\\/alca.al\\\/sq\\\/\",\"name\":\"ALCA Sh.p.k.\",\"description\":\"Advanced curtain wall and facade systems for modern architecture, with expertise in design, engineering, production and installation.\",\"publisher\":{\"@id\":\"https:\\\/\\\/alca.al\\\/sq\\\/#organization\"},\"potentialAction\":[{\"@type\":\"SearchAction\",\"target\":{\"@type\":\"EntryPoint\",\"urlTemplate\":\"https:\\\/\\\/alca.al\\\/sq\\\/?s={search_term_string}\"},\"query-input\":{\"@type\":\"PropertyValueSpecification\",\"valueRequired\":true,\"valueName\":\"search_term_string\"}}],\"inLanguage\":\"sq\"},{\"@type\":\"Organization\",\"@id\":\"https:\\\/\\\/alca.al\\\/sq\\\/#organization\",\"name\":\"ALCA\",\"url\":\"https:\\\/\\\/alca.al\\\/sq\\\/\",\"logo\":{\"@type\":\"ImageObject\",\"inLanguage\":\"sq\",\"@id\":\"https:\\\/\\\/alca.al\\\/sq\\\/#\\\/schema\\\/logo\\\/image\\\/\",\"url\":\"https:\\\/\\\/alca.al\\\/wp-content\\\/uploads\\\/2025\\\/03\\\/Full-Logo-C.svg\",\"contentUrl\":\"https:\\\/\\\/alca.al\\\/wp-content\\\/uploads\\\/2025\\\/03\\\/Full-Logo-C.svg\",\"width\":187,\"height\":65,\"caption\":\"ALCA\"},\"image\":{\"@id\":\"https:\\\/\\\/alca.al\\\/sq\\\/#\\\/schema\\\/logo\\\/image\\\/\"},\"sameAs\":[\"https:\\\/\\\/www.linkedin.com\\\/company\\\/alca\\\/\",\"https:\\\/\\\/www.instagram.com\\\/alca.group\\\/\"]}]}<\/script>\n<!-- \/ Yoast SEO plugin. -->","yoast_head_json":{"title":"Kontakt | Zyra Qendrore e ALCA dhe K\u00ebrkesa p\u00ebr Projekte - ALCA","description":"Kontaktoni ALCA n\u00eb Tiran\u00eb, Shqip\u00ebri p\u00ebr k\u00ebrkesa mbi projekte, partneritete ose informacione t\u00eb p\u00ebrgjithshme. Na kontaktoni me telefon, email ose formular k\u00ebrkese.","robots":{"index":"index","follow":"follow","max-snippet":"max-snippet:-1","max-image-preview":"max-image-preview:large","max-video-preview":"max-video-preview:-1"},"canonical":"https:\/\/alca.al\/sq\/kontakt\/","og_locale":"sq_AL","og_type":"article","og_title":"Kontakt | Zyra Qendrore e ALCA dhe K\u00ebrkesa p\u00ebr Projekte - ALCA","og_description":"Kontaktoni ALCA n\u00eb Tiran\u00eb, Shqip\u00ebri p\u00ebr k\u00ebrkesa mbi projekte, partneritete ose informacione t\u00eb p\u00ebrgjithshme. Na kontaktoni me telefon, email ose formular k\u00ebrkese.","og_url":"https:\/\/alca.al\/sq\/kontakt\/","og_site_name":"ALCA","article_modified_time":"2026-04-03T10:47:12+00:00","og_image":[{"width":1920,"height":950,"url":"https:\/\/alca.al\/wp-content\/uploads\/2026\/03\/Contact.jpg","type":"image\/jpeg"}],"twitter_card":"summary_large_image","schema":{"@context":"https:\/\/schema.org","@graph":[{"@type":"WebPage","@id":"https:\/\/alca.al\/sq\/kontakt\/","url":"https:\/\/alca.al\/sq\/kontakt\/","name":"Kontakt | Zyra Qendrore e ALCA dhe K\u00ebrkesa p\u00ebr Projekte - ALCA","isPartOf":{"@id":"https:\/\/alca.al\/sq\/#website"},"primaryImageOfPage":{"@id":"https:\/\/alca.al\/sq\/kontakt\/#primaryimage"},"image":{"@id":"https:\/\/alca.al\/sq\/kontakt\/#primaryimage"},"thumbnailUrl":"https:\/\/alca.al\/wp-content\/uploads\/2026\/03\/Contact.jpg","datePublished":"2025-03-28T02:28:31+00:00","dateModified":"2026-04-03T10:47:12+00:00","description":"Kontaktoni ALCA n\u00eb Tiran\u00eb, Shqip\u00ebri p\u00ebr k\u00ebrkesa mbi projekte, partneritete ose informacione t\u00eb p\u00ebrgjithshme. Na kontaktoni me telefon, email ose formular k\u00ebrkese.","breadcrumb":{"@id":"https:\/\/alca.al\/sq\/kontakt\/#breadcrumb"},"inLanguage":"sq","potentialAction":[{"@type":"ReadAction","target":["https:\/\/alca.al\/sq\/kontakt\/"]}]},{"@type":"ImageObject","inLanguage":"sq","@id":"https:\/\/alca.al\/sq\/kontakt\/#primaryimage","url":"https:\/\/alca.al\/wp-content\/uploads\/2026\/03\/Contact.jpg","contentUrl":"https:\/\/alca.al\/wp-content\/uploads\/2026\/03\/Contact.jpg","width":1920,"height":950,"caption":"Faqja e kontaktit t\u00eb ALCA p\u00ebr zyr\u00ebn qendrore dhe k\u00ebrkesat p\u00ebr projekte"},{"@type":"BreadcrumbList","@id":"https:\/\/alca.al\/sq\/kontakt\/#breadcrumb","itemListElement":[{"@type":"ListItem","position":1,"name":"Home","item":"https:\/\/alca.al\/sq\/kreu\/"},{"@type":"ListItem","position":2,"name":"Kontakt"}]},{"@type":"WebSite","@id":"https:\/\/alca.al\/sq\/#website","url":"https:\/\/alca.al\/sq\/","name":"ALCA Sh.p.k.","description":"Advanced curtain wall and facade systems for modern architecture, with expertise in design, engineering, production and installation.","publisher":{"@id":"https:\/\/alca.al\/sq\/#organization"},"potentialAction":[{"@type":"SearchAction","target":{"@type":"EntryPoint","urlTemplate":"https:\/\/alca.al\/sq\/?s={search_term_string}"},"query-input":{"@type":"PropertyValueSpecification","valueRequired":true,"valueName":"search_term_string"}}],"inLanguage":"sq"},{"@type":"Organization","@id":"https:\/\/alca.al\/sq\/#organization","name":"ALCA","url":"https:\/\/alca.al\/sq\/","logo":{"@type":"ImageObject","inLanguage":"sq","@id":"https:\/\/alca.al\/sq\/#\/schema\/logo\/image\/","url":"https:\/\/alca.al\/wp-content\/uploads\/2025\/03\/Full-Logo-C.svg","contentUrl":"https:\/\/alca.al\/wp-content\/uploads\/2025\/03\/Full-Logo-C.svg","width":187,"height":65,"caption":"ALCA"},"image":{"@id":"https:\/\/alca.al\/sq\/#\/schema\/logo\/image\/"},"sameAs":["https:\/\/www.linkedin.com\/company\/alca\/","https:\/\/www.instagram.com\/alca.group\/"]}]}},"_links":{"self":[{"href":"https:\/\/alca.al\/sq\/wp-json\/wp\/v2\/pages\/12822","targetHints":{"allow":["GET"]}}],"collection":[{"href":"https:\/\/alca.al\/sq\/wp-json\/wp\/v2\/pages"}],"about":[{"href":"https:\/\/alca.al\/sq\/wp-json\/wp\/v2\/types\/page"}],"author":[{"embeddable":true,"href":"https:\/\/alca.al\/sq\/wp-json\/wp\/v2\/users\/1"}],"replies":[{"embeddable":true,"href":"https:\/\/alca.al\/sq\/wp-json\/wp\/v2\/comments?post=12822"}],"version-history":[{"count":7,"href":"https:\/\/alca.al\/sq\/wp-json\/wp\/v2\/pages\/12822\/revisions"}],"predecessor-version":[{"id":14220,"href":"https:\/\/alca.al\/sq\/wp-json\/wp\/v2\/pages\/12822\/revisions\/14220"}],"wp:featuredmedia":[{"embeddable":true,"href":"https:\/\/alca.al\/sq\/wp-json\/wp\/v2\/media\/12821"}],"wp:attachment":[{"href":"https:\/\/alca.al\/sq\/wp-json\/wp\/v2\/media?parent=12822"}],"curies":[{"name":"wp","href":"https:\/\/api.w.org\/{rel}","templated":true}]}}